{"id":12,"date":"2022-08-15T09:10:26","date_gmt":"2022-08-15T09:10:26","guid":{"rendered":"https:\/\/cdm.panico.eu\/?page_id=12"},"modified":"2022-09-23T06:12:11","modified_gmt":"2022-09-23T06:12:11","slug":"3-a-sonae-e-a-casa-da-musica-ao-retalho","status":"publish","type":"page","link":"https:\/\/fugasdacasa.net\/?page_id=12","title":{"rendered":"3. A SONAE e a Casa da M\u00fasica ao retalho"},"content":{"rendered":"\n<p>Sem procedimentos transparentes de contrata\u00e7\u00e3o p\u00fablica<sup><a href=\"#fontes\">1<\/a><\/sup>, obrigat\u00f3rios por <a href=\"https:\/\/fugasdacasa.net\/?page_id=22\" data-type=\"page\" data-id=\"22\">lei<\/a>, a Casa da M\u00fasica entrega 100.000 \u20ac por ano ao <strong>Solinca Porto Pal\u00e1cio Hotel<\/strong>, paga comiss\u00f5es sobre todas as ap\u00f3lices de seguros \u00e0 <strong>MDS Mediador de Seguros <\/strong>e mant\u00e9m contratos de comunica\u00e7\u00f5es que valem cerca de 25.000 \u20ac anuais com a <strong>NOS Comunica\u00e7\u00f5es<\/strong>. Todas estas empresas pertencem ao universo SONAE (mecenas da Casa da M\u00fasica) e as duas primeiras s\u00e3o, elas pr\u00f3prias, mecenas da Casa da M\u00fasica. Os valores com que contribuem, al\u00e9m dos benef\u00edcios fiscais associados, d\u00e3o-lhes acesso a rela\u00e7\u00f5es comerciais privilegiadas com a Funda\u00e7\u00e3o Casa da M\u00fasica, o que \u00e9 tamb\u00e9m <a href=\"https:\/\/fugasdacasa.net\/?page_id=22\" data-type=\"page\" data-id=\"22\">ilegal<\/a>.<\/p>\n\n\n\n<p>Nesta p\u00e1gina revela-se tamb\u00e9m uma situa\u00e7\u00e3o de favorecimento \u00e0 empresa Sonae Sierra, que encomendou \u00e0 Funda\u00e7\u00e3o um evento privado mas pagou um valor insuficiente para a sua realiza\u00e7\u00e3o. Um caso ins\u00f3lito de um patroc\u00ednio que causa preju\u00edzo \u00e0 entidade patrocinada \u2013 a Casa da M\u00fasica.<\/p>\n\n\n\n<h2 class=\"wp-block-heading\"><strong>Homens de confian\u00e7a<\/strong><\/h2>\n\n\n\n<p>Nos primeiros anos desde a cria\u00e7\u00e3o da Funda\u00e7\u00e3o Casa da M\u00fasica, em 2006, a SONAE foi um dos seus principais mecenas e a sua posi\u00e7\u00e3o permitia-lhe colocar v\u00e1rias pessoas de confian\u00e7a nos principais cargos de decis\u00e3o da Funda\u00e7\u00e3o. Nuno Azevedo, filho de Belmiro de Azevedo, foi Administrador-Delegado da Funda\u00e7\u00e3o at\u00e9 2012. O seu concunhado, Paulo Sarmento e Cunha, ingressou logo de seguida como Director Administrativo e Financeiro e tornou-se mais tarde Director Geral. O Presidente do Conselho de Administra\u00e7\u00e3o da Funda\u00e7\u00e3o, entre 2006 e 2015, era Jos\u00e9 Manuel Dias da Fonseca, que \u00e9 tamb\u00e9m CEO do Grupo MDS (mediador de seguros do Grupo SONAE). Quando este saiu, entrou outro homem da SONAE, Ant\u00f3nio Lobo Xavier, que se manteve no Conselho de Administra\u00e7\u00e3o da Casa da M\u00fasica at\u00e9 2021. Lobo Xavier era ent\u00e3o um dos tr\u00eas administradores executivos da Sonaecom, um cargo bem remunerado que exerceu entre 2010 e 2019.<\/p>\n\n\n\n<h2 class=\"wp-block-heading\"><strong>Mecenato em fuga<\/strong><\/h2>\n\n\n\n<p>A contribui\u00e7\u00e3o da mecenas SONAE para a Funda\u00e7\u00e3o Casa da M\u00fasica tem ca\u00eddo ano ap\u00f3s ano, e o mesmo acontece com os donativos anuais de duas das suas empresas sat\u00e9lite, o Solinca Porto Pal\u00e1cio Hotel e a MDS: um total de 610.000 \u20ac no ano de 2008, que em 2021 se reduzia a apenas 110.000 \u20ac.<sup><a href=\"#fontes\">2<\/a><\/sup> O gr\u00e1fico seguinte ilustra essa evolu\u00e7\u00e3o negativa.<\/p>\n\n\n\n<figure class=\"wp-block-image size-full\"><img loading=\"lazy\" decoding=\"async\" width=\"654\" height=\"404\" src=\"https:\/\/fugasdacasa.net\/wp-content\/uploads\/2022\/09\/imagem-mecenato-sonae.png\" alt=\"\" class=\"wp-image-1609\" srcset=\"https:\/\/fugasdacasa.net\/wp-content\/uploads\/2022\/09\/imagem-mecenato-sonae.png 654w, https:\/\/fugasdacasa.net\/wp-content\/uploads\/2022\/09\/imagem-mecenato-sonae-300x185.png 300w\" sizes=\"auto, (max-width: 654px) 100vw, 654px\" \/><\/figure>\n\n\n\n<p>Os valores doados pelos mecenas n\u00e3o podem, legalmente, servir para justificar o maior ou menor volume de neg\u00f3cios com estas empresas, j\u00e1 que o <a href=\"https:\/\/fugasdacasa.net\/?page_id=22\" data-type=\"page\" data-id=\"22\">Estatuto do Mecenato<\/a> pro\u00edbe contrapartidas que configurem obriga\u00e7\u00f5es de car\u00e1cter pecuni\u00e1rio ou comercial aos mecenas. Portanto, a Funda\u00e7\u00e3o Casa da M\u00fasica n\u00e3o poderia beneficiar comercialmente as empresas que fazem donativos e os declaram como apoio mecen\u00e1tico. N\u00e3o \u00e9 o que tem acontecido ao longo dos anos, sendo interessante, ali\u00e1s, verificar que, no que respeita \u00e0 SONAE e \u00e0s suas empresas participadas, a acentuada diminui\u00e7\u00e3o dos valores doados n\u00e3o se reflecte na diminui\u00e7\u00e3o dos neg\u00f3cios destas com a Funda\u00e7\u00e3o.<\/p>\n\n\n\n<h3 class=\"wp-block-heading\" id=\"h.u53kmghm910_l\"><strong>Solinca Porto Pal\u00e1cio Hotel<\/strong><\/h3>\n\n\n\n<p>A Funda\u00e7\u00e3o Casa da M\u00fasica escolhe para alojamento preferencial dos artistas o hotel de 5 estrelas Porto Pal\u00e1cio (Solinca PPH), propriedade da SONAE, <strong>onde gasta cerca de 100.000 \u20ac por ano, sem nunca ter feito um concurso aberto a outros hot\u00e9is<\/strong> (que seria obrigat\u00f3rio a partir dos 75 mil euros) nem qualquer outro procedimento de contrata\u00e7\u00e3o p\u00fablica aplic\u00e1vel a valores mais baixos<sup><a href=\"#fontes\">1<\/a><\/sup>. O n\u00famero elevado de facturas (uma m\u00e9dia de 175 por ano entre 2017 e 2020) \u00e9 um sinal claro desse acordo comercial, que ali\u00e1s \u00e9 mencionado em, pelo menos, dois documentos que acompanham determinadas facturas.<\/p>\n\n\n\n<figure class=\"wp-block-gallery has-nested-images columns-default is-cropped wp-block-gallery-1 is-layout-flex wp-block-gallery-is-layout-flex\">\n<figure class=\"wp-block-image size-large\"><a href=\"https:\/\/fugasdacasa.net\/wp-content\/uploads\/2022\/09\/SPPH20200113_502896-2-1.png\"><img loading=\"lazy\" decoding=\"async\" width=\"1240\" height=\"1752\" data-id=\"2367\" src=\"https:\/\/fugasdacasa.net\/wp-content\/uploads\/2022\/09\/SPPH20200113_502896-2-1.png\" alt=\"\" class=\"wp-image-2367\" srcset=\"https:\/\/fugasdacasa.net\/wp-content\/uploads\/2022\/09\/SPPH20200113_502896-2-1.png 1240w, https:\/\/fugasdacasa.net\/wp-content\/uploads\/2022\/09\/SPPH20200113_502896-2-1-212x300.png 212w, https:\/\/fugasdacasa.net\/wp-content\/uploads\/2022\/09\/SPPH20200113_502896-2-1-725x1024.png 725w, https:\/\/fugasdacasa.net\/wp-content\/uploads\/2022\/09\/SPPH20200113_502896-2-1-768x1085.png 768w, https:\/\/fugasdacasa.net\/wp-content\/uploads\/2022\/09\/SPPH20200113_502896-2-1-1087x1536.png 1087w\" sizes=\"auto, (max-width: 1240px) 100vw, 1240px\" \/><\/a><\/figure>\n\n\n\n<figure class=\"wp-block-image size-large\"><a href=\"https:\/\/fugasdacasa.net\/wp-content\/uploads\/2022\/09\/SPPH20200120_503009-1-1.png\"><img loading=\"lazy\" decoding=\"async\" width=\"1231\" height=\"1814\" data-id=\"2368\" src=\"https:\/\/fugasdacasa.net\/wp-content\/uploads\/2022\/09\/SPPH20200120_503009-1-1.png\" alt=\"\" class=\"wp-image-2368\" srcset=\"https:\/\/fugasdacasa.net\/wp-content\/uploads\/2022\/09\/SPPH20200120_503009-1-1.png 1231w, https:\/\/fugasdacasa.net\/wp-content\/uploads\/2022\/09\/SPPH20200120_503009-1-1-204x300.png 204w, https:\/\/fugasdacasa.net\/wp-content\/uploads\/2022\/09\/SPPH20200120_503009-1-1-695x1024.png 695w, https:\/\/fugasdacasa.net\/wp-content\/uploads\/2022\/09\/SPPH20200120_503009-1-1-768x1132.png 768w, https:\/\/fugasdacasa.net\/wp-content\/uploads\/2022\/09\/SPPH20200120_503009-1-1-1042x1536.png 1042w\" sizes=\"auto, (max-width: 1231px) 100vw, 1231px\" \/><\/a><\/figure>\n<\/figure>\n\n\n\n<p>Atrav\u00e9s da <a href=\"https:\/\/fugasdacasa.net\/?page_id=1327\" data-type=\"page\" data-id=\"1327\">tabela aqui disponibilizada<\/a> \u00e9 poss\u00edvel verificar os dados e visualizar todas as facturas de alojamento no hotel Porto Pal\u00e1cio entre 2017 e 2020 (per\u00edodo usado aqui como amostra de uma rela\u00e7\u00e3o comercial bastante mais longa). Os gastos noutros hot\u00e9is s\u00e3o residuais \u2013 atingindo uma frac\u00e7\u00e3o muito pequena dos gastos no Porto Pal\u00e1cio. Verifica-se que as despesas anuais feitas pela Funda\u00e7\u00e3o Casa da M\u00fasica foram as seguintes (IVA inclu\u00eddo \u2013 6% no alojamento; 0% na taxa tur\u00edstica):<\/p>\n\n\n\n<ul class=\"wp-block-list\"><li>2017: 116.987 \u20ac<\/li><li>2018: 68.272 \u20ac<\/li><li>2019: 116.116 \u20ac<\/li><li>2020: 82.443 \u20ac<\/li><\/ul>\n\n\n\n<p>A pandemia causou uma redu\u00e7\u00e3o intensa da actividade da Casa da M\u00fasica: menos 52% de eventos e menos 70 a 76% de p\u00fablico em 2020<sup><a href=\"#fontes\">3<\/a><\/sup>. No entanto, a despesa em alojamento no hotel Porto Pal\u00e1cio baixou apenas 30% &#8211; foi mesmo superior \u00e0 despesa feita em 2018, como os n\u00fameros apurados demonstram.<\/p>\n\n\n\n<h3 class=\"wp-block-heading\" id=\"h.fgd1mjpnraiu_l\"><strong>NOS Comunica\u00e7\u00f5es<\/strong><\/h3>\n\n\n\n<p>Em Fevereiro de 2008, toda a rede de comunica\u00e7\u00f5es m\u00f3veis e fixas e foi transferida da TMN para a Sonaecom (Optimus, actual NOS), uma empresa do Grupo SONAE. <\/p>\n\n\n\n<figure class=\"wp-block-image size-large\"><a href=\"https:\/\/fugasdacasa.net\/wp-content\/uploads\/2022\/09\/t-e1662399343980-1.png\"><img loading=\"lazy\" decoding=\"async\" width=\"995\" height=\"1024\" src=\"https:\/\/fugasdacasa.net\/wp-content\/uploads\/2022\/09\/t-e1662399343980-1-995x1024.png\" alt=\"\" class=\"wp-image-2371\" srcset=\"https:\/\/fugasdacasa.net\/wp-content\/uploads\/2022\/09\/t-e1662399343980-1-995x1024.png 995w, https:\/\/fugasdacasa.net\/wp-content\/uploads\/2022\/09\/t-e1662399343980-1-292x300.png 292w, https:\/\/fugasdacasa.net\/wp-content\/uploads\/2022\/09\/t-e1662399343980-1-768x790.png 768w, https:\/\/fugasdacasa.net\/wp-content\/uploads\/2022\/09\/t-e1662399343980-1.png 1240w\" sizes=\"auto, (max-width: 995px) 100vw, 995px\" \/><\/a><\/figure>\n\n\n\n<p>O C\u00f3digo dos Contratos P\u00fablicos (Decreto-Lei n.\u00ba 18\/2008) n\u00e3o estava ainda em vigor nesta data, mas sim o Decreto-Lei 59\/99. Este, apesar de semelhante, n\u00e3o exigia a publica\u00e7\u00e3o de contratos de valor inferior a 250.000 \u20ac. A Optimus foi, portanto, a vencedora de um concurso ainda n\u00e3o sujeito a procedimentos transparentes, realizado a tempo de n\u00e3o ser abrangido pela nova legisla\u00e7\u00e3o. <\/p>\n\n\n\n<p>A comunica\u00e7\u00e3o interna acima diz explicitamente que a contrata\u00e7\u00e3o tinha a validade de dois anos. N\u00e3o passaram dois, mas sim tr\u00eas anos, at\u00e9 que a Funda\u00e7\u00e3o Casa da M\u00fasica realizou contrata\u00e7\u00e3o p\u00fablica por ajuste directo, <a href=\"https:\/\/www.base.gov.pt\/Base4\/pt\/detalhe\/?type=contratos&amp;id=475595\" data-type=\"URL\" data-id=\"https:\/\/www.base.gov.pt\/Base4\/pt\/detalhe\/?type=contratos&amp;id=475595\" target=\"_blank\" rel=\"noreferrer noopener\">devidamente publicada<\/a> no portal Base, para &#8220;Aquisi\u00e7\u00e3o do Servi\u00e7o de Comunica\u00e7\u00f5es M\u00f3veis e Fixas&#8221; pelo valor de 46.741,48 \u20ac. O fornecedor manteve-se: a Sonaecom. Dura\u00e7\u00e3o do contrato: 730 dias, entre Fevereiro de 2011 e Janeiro de 2013. Passou esta data e passaram os onze anos seguintes sem que a Funda\u00e7\u00e3o tenha publicado qualquer outro contrato para este servi\u00e7o. Beneficiando ilegalmente uma empresa participada da SONAE (infrac\u00e7\u00e3o ao Estatuto do Mecenato), a Funda\u00e7\u00e3o Casa da M\u00fasica n\u00e3o cumpre a obriga\u00e7\u00e3o de contrata\u00e7\u00e3o p\u00fablica do servi\u00e7o de comunica\u00e7\u00f5es fixas e m\u00f3veis (infrac\u00e7\u00e3o ao C\u00f3digo dos Contratos P\u00fablicos).<\/p>\n\n\n\n<p>Para relembrar, um dos tr\u00eas administradores executivos da Sonaecom, entre 2010 e 2019, era Ant\u00f3nio Lobo Xavier &#8211; tamb\u00e9m membro do Conselho de Administra\u00e7\u00e3o da Casa da M\u00fasica entre 2015 e 2021.<\/p>\n\n\n\n<h3 class=\"wp-block-heading\" id=\"h.m2e39krs88qv_l\"><strong>Sonae Sierra<\/strong><\/h3>\n\n\n\n<p>O Relat\u00f3rio de Contas de 2018 menciona o patroc\u00ednio da Sonae Sierra no valor de 6.000 \u20ac, para um concerto no NorteShopping (uma actividade extra-Plano de Actividades, mesmo porque n\u00e3o faz parte dos fins da Funda\u00e7\u00e3o a promo\u00e7\u00e3o de concertos para dinamiza\u00e7\u00e3o de neg\u00f3cios de espa\u00e7os comerciais). Por esse mesmo concerto, conforme <a href=\"https:\/\/fugasdacasa.net\/wp-content\/uploads\/2022\/09\/BSP2018.pdf\" data-type=\"URL\" data-id=\"https:\/\/fugasdacasa.net\/wp-content\/uploads\/2022\/09\/BSP2018.pdf\">factura correspondente<\/a>, a Casa da M\u00fasica pagou \u00e0 Banda Sinf\u00f3nica Portuguesa a quantia de 8.000 \u20ac. Ou seja, o valor pago pela Sonae Sierra pelo servi\u00e7o n\u00e3o cobriu a despesa desse mesmo servi\u00e7o. Mais uma vez, isto pode ser lido como um favor feito \u00e0 SONAE, empresa detentora de 80% da Sonae Sierra, em troca do seu mecenato. Ou simplesmente como m\u00e1 gest\u00e3o.<\/p>\n\n\n\n<h3 class=\"wp-block-heading\" id=\"h.lan7twahi3ll_l\"><strong>MDS Mediador de Seguros<\/strong><\/h3>\n\n\n\n<p>A Funda\u00e7\u00e3o Casa da M\u00fasica mant\u00e9m ainda uma rela\u00e7\u00e3o comercial com a corretora de seguros MDS, uma empresa detida em 50% pela SONAE (at\u00e9 Dezembro de 2021) e liderada por Jos\u00e9 Manuel Dias da Fonseca (que foi Presidente do Conselho de Administra\u00e7\u00e3o da Funda\u00e7\u00e3o Casa da M\u00fasica entre 2006 e 2015). Todos os seguros s\u00e3o contratados atrav\u00e9s deste mediador, como se comprova com a totalidade das facturas que se encontram na sec\u00e7\u00e3o Partituras. Desconhece-se o valor deste neg\u00f3cio em espec\u00edfico mas, face \u00e0s quantias totais despendidas com seguros, seria de estranhar que os valores das comiss\u00f5es n\u00e3o obrigassem a um procedimento de contrata\u00e7\u00e3o p\u00fablica.<\/p>\n\n\n\n<p>Acresce que a MDS actua como corretora de seguros, sendo por isso obrigada pelo Decreto-Lei n.\u00ba 144\/2006 a uma \u201can\u00e1lise imparcial de um n\u00famero suficiente de contratos de seguro dispon\u00edveis no mercado\u201d. Por sinal, nos neg\u00f3cios de maior valor, pelo menos desde 2015, essa an\u00e1lise resulta sempre na escolha de empresas que t\u00eam uma rela\u00e7\u00e3o de mecenato com a Funda\u00e7\u00e3o Casa da M\u00fasica, como se demonstra na <a href=\"https:\/\/fugasdacasa.net\/?page_id=10\" data-type=\"page\" data-id=\"10\">Fuga 2<\/a>.<\/p>\n\n\n\n<h3 class=\"wp-block-heading\" id=\"h.cavdjyacnv1g_l\"><strong>Outsourcing sup\u00e9rfluo, menos 40 mil nos cofres<\/strong><\/h3>\n\n\n\n<p>Para a realiza\u00e7\u00e3o de uma digress\u00e3o de oito concertos chamada &#8220;Orquestras no Patrim\u00f3nio&#8221;, em 2019 (ver <a href=\"https:\/\/fugasdacasa.net\/?page_id=14\" data-type=\"page\" data-id=\"14\">Fuga 4<\/a>), a Funda\u00e7\u00e3o Casa da M\u00fasica encomendou &#8220;Servi\u00e7os de Assessoria Especializada para o Desenvolvimento da Estrat\u00e9gia de Comunica\u00e7\u00e3o&#8221;, com um custo de 40.000 \u20ac (+IVA)<sup><a href=\"#fontes\">4<\/a><\/sup>, quando na sua estrutura interna contava j\u00e1, ent\u00e3o, com uma equipa completa de profissionais de comunica\u00e7\u00e3o, entre os quais quatro designers. Um gasto desnecess\u00e1rio cujo resultado poderia ter sido produzido internamente e que revela mais um rol de interessantes coincid\u00eancias: a empresa prestadora deste servi\u00e7o foi a Havas Design Portugal que, assim como a ag\u00eancia de publicidade Fuel, pertence ao grupo Havas; este tem entre os seus principais clientes v\u00e1rias empresas do grupo SONAE e a Sogrape (veja-se em <a rel=\"noreferrer noopener\" href=\"http:\/\/fuel.pt\" data-type=\"URL\" data-id=\"fuel.pt\" target=\"_blank\">fuel.pt<\/a>). Acresce que um dos membros da ger\u00eancia destas empresas (Jo\u00e3o Miguel Bragan\u00e7a Sim\u00f5es de Barros) tem la\u00e7os familiares com uma das administradoras executivas da SONAE (Isabel Sofia Bragan\u00e7a Sim\u00f5es de Barros).<\/p>\n\n\n\n<p class=\"has-tertiary-background-color has-background\"><strong>PR\u00d3XIMA FUGA<\/strong><a href=\"https:\/\/fugasdacasa.net\/?page_id=10\"><br><\/a><a href=\"https:\/\/fugasdacasa.net\/?page_id=14\" data-type=\"page\" data-id=\"14\">4: Banco BPI, publicidade com benef\u00edcios fiscais<\/a><\/p>\n\n\n\n<p id=\"fontes\" style=\"font-size:12px\"><strong>Fontes<\/strong><br>(1) Contratos p\u00fablicos da Funda\u00e7\u00e3o Casa da M\u00fasica dispon\u00edveis em <a rel=\"noreferrer noopener\" href=\"https:\/\/www.base.gov.pt\/Base4\/pt\/pesquisa\/?type=contratos&amp;adjudicanteid=31323\" target=\"_blank\">https:\/\/www.base.gov.pt\/Base4\/pt\/pesquisa\/?type=contratos&amp;adjudicanteid=31323<\/a>.<br>(2) Relat\u00f3rios de Actividades e Contas <a rel=\"noreferrer noopener\" href=\"https:\/\/fugasdacasa.net\/wp-content\/uploads\/2022\/09\/relatorio-contas-2008.pdf#page=70\" target=\"_blank\">2008 (p. 70)<\/a>, <a rel=\"noreferrer noopener\" href=\"https:\/\/fugasdacasa.net\/wp-content\/uploads\/2022\/09\/relatorio-contas-2009.pdf#page=55\" target=\"_blank\">2009 (p. 109)<\/a>, <a rel=\"noreferrer noopener\" href=\"https:\/\/fugasdacasa.net\/wp-content\/uploads\/2022\/09\/relatorio-contas-2010.pdf#page=57\" target=\"_blank\">2010 (p. 111)<\/a>, <a rel=\"noreferrer noopener\" href=\"https:\/\/fugasdacasa.net\/wp-content\/uploads\/2022\/09\/relatorio-contas-2011.pdf#page=60\" target=\"_blank\">2011 (p. 117)<\/a>, <a rel=\"noreferrer noopener\" href=\"https:\/\/fugasdacasa.net\/wp-content\/uploads\/2022\/09\/relatorio-contas-2012.pdf#page=75\" target=\"_blank\">2012 (p. 146)<\/a>, <a rel=\"noreferrer noopener\" href=\"https:\/\/fugasdacasa.net\/wp-content\/uploads\/2022\/09\/relatorio-contas-2013.pdf#page=58\" target=\"_blank\">2013 (p. 115)<\/a>, <a rel=\"noreferrer noopener\" href=\"https:\/\/fugasdacasa.net\/wp-content\/uploads\/2022\/09\/relatorio-contas-2014.pdf#page=162\" target=\"_blank\">2014 (p<\/a><a href=\"https:\/\/fugasdacasa.net\/wp-content\/uploads\/2022\/09\/relatorio-contas-2014.pdf#page=133\">. 131)<\/a>,<a rel=\"noreferrer noopener\" href=\"https:\/\/fugasdacasa.net\/wp-content\/uploads\/2022\/09\/relatorio-contas-2015.pdf#page=68\" target=\"_blank\"> 2015 (p. 135)<\/a>, <a rel=\"noreferrer noopener\" href=\"https:\/\/fugasdacasa.net\/wp-content\/uploads\/2022\/09\/relatorio-contas-2016.pdf#page=159\" target=\"_blank\">2016 (p. 159)<\/a>, <a rel=\"noreferrer noopener\" href=\"https:\/\/fugasdacasa.net\/wp-content\/uploads\/2022\/09\/relatorio-contas-2017.pdf#page=99\" target=\"_blank\">2017 (p. 196)<\/a>, <a rel=\"noreferrer noopener\" href=\"https:\/\/fugasdacasa.net\/wp-content\/uploads\/2022\/09\/relatorio-contas-2018.pdf#page=99\" target=\"_blank\">2018 (p. 196)<\/a>, <a rel=\"noreferrer noopener\" href=\"https:\/\/fugasdacasa.net\/wp-content\/uploads\/2022\/09\/relatorio-contas-2019.pdf#page=213\" target=\"_blank\">2019 (p. 213)<\/a>, <a rel=\"noreferrer noopener\" href=\"https:\/\/fugasdacasa.net\/wp-content\/uploads\/2022\/09\/relatorio-contas-2020.pdf#page=96\" target=\"_blank\">2020 (p. 188)<\/a> e <a rel=\"noreferrer noopener\" href=\"https:\/\/fugasdacasa.net\/wp-content\/uploads\/2022\/09\/relatorio-contas-2021.pdf#page=102\" target=\"_blank\">2021 (p. 202)<\/a>.<br>(3) R<a href=\"https:\/\/fugasdacasa.net\/wp-content\/uploads\/2022\/09\/relatorio-contas-2020.pdf#page=9\">elat\u00f3rio de Actividades e Contas 2020, p\u00e1gina 14.<\/a><br>(4) Contrato p\u00fablico dispon\u00edvel em <a href=\"https:\/\/www.base.gov.pt\/Base4\/pt\/detalhe\/?type=contratos&amp;id=6009886\">https:\/\/www.base.gov.pt\/Base4\/pt\/detalhe\/?type=contratos&amp;id=6009886<\/a>.<\/p>\n","protected":false},"excerpt":{"rendered":"<p>Sem procedimentos transparentes de contrata\u00e7\u00e3o p\u00fablica1, obrigat\u00f3rios por lei, a Casa da M\u00fasica entrega 100.000 \u20ac por ano ao Solinca Porto Pal\u00e1cio Hotel, paga comiss\u00f5es sobre todas as ap\u00f3lices de seguros \u00e0 MDS Mediador de Seguros e mant\u00e9m contratos de comunica\u00e7\u00f5es que valem cerca de 25.000 \u20ac anuais com a NOS Comunica\u00e7\u00f5es. Todas estas empresas [&hellip;]<\/p>\n","protected":false},"author":1,"featured_media":0,"parent":0,"menu_order":0,"comment_status":"closed","ping_status":"closed","template":"page-large-header","meta":{"footnotes":""},"class_list":["post-12","page","type-page","status-publish","hentry"],"_links":{"self":[{"href":"https:\/\/fugasdacasa.net\/index.php?rest_route=\/wp\/v2\/pages\/12","targetHints":{"allow":["GET"]}}],"collection":[{"href":"https:\/\/fugasdacasa.net\/index.php?rest_route=\/wp\/v2\/pages"}],"about":[{"href":"https:\/\/fugasdacasa.net\/index.php?rest_route=\/wp\/v2\/types\/page"}],"author":[{"embeddable":true,"href":"https:\/\/fugasdacasa.net\/index.php?rest_route=\/wp\/v2\/users\/1"}],"replies":[{"embeddable":true,"href":"https:\/\/fugasdacasa.net\/index.php?rest_route=%2Fwp%2Fv2%2Fcomments&post=12"}],"version-history":[{"count":35,"href":"https:\/\/fugasdacasa.net\/index.php?rest_route=\/wp\/v2\/pages\/12\/revisions"}],"predecessor-version":[{"id":2665,"href":"https:\/\/fugasdacasa.net\/index.php?rest_route=\/wp\/v2\/pages\/12\/revisions\/2665"}],"wp:attachment":[{"href":"https:\/\/fugasdacasa.net\/index.php?rest_route=%2Fwp%2Fv2%2Fmedia&parent=12"}],"curies":[{"name":"wp","href":"https:\/\/api.w.org\/{rel}","templated":true}]}}