{"id":1424,"date":"2022-09-06T17:52:07","date_gmt":"2022-09-06T17:52:07","guid":{"rendered":"https:\/\/fugasdacasa.net\/?page_id=1424"},"modified":"2022-09-25T22:01:42","modified_gmt":"2022-09-25T22:01:42","slug":"facturas-manvia","status":"publish","type":"page","link":"https:\/\/fugasdacasa.net\/?page_id=1424","title":{"rendered":"Facturas Manvia"},"content":{"rendered":"\n<div class=\"wp-block-columns alignwide is-layout-flex wp-container-core-columns-is-layout-28f84493 wp-block-columns-is-layout-flex\">\n<div class=\"wp-block-column is-layout-flow wp-block-column-is-layout-flow\" style=\"flex-basis:100%\">\n<p>As facturas que comprovam a aven\u00e7a desta empresa com a Casa da M\u00fasica e o seu valor, nos anos analisados como amostra (2014, 2016 e 2020), est\u00e3o aqui dispon\u00edveis em ficheiro descarreg\u00e1vel.<\/p>\n<\/div>\n<\/div>\n\n\n\n<div style=\"height:20px\" aria-hidden=\"true\" class=\"wp-block-spacer\"><\/div>\n\n\n\n<div class=\"wp-block-file\"><a id=\"wp-block-file--media-46a12a74-e76d-4db0-8410-a446be05e187\" href=\"https:\/\/fugasdacasa.net\/wp-content\/uploads\/2022\/09\/manvia.zip\"><strong>MANVIA (12 documentos)<\/strong><\/a><a href=\"https:\/\/fugasdacasa.net\/wp-content\/uploads\/2022\/09\/manvia.zip\" class=\"wp-block-file__button\" download aria-describedby=\"wp-block-file--media-46a12a74-e76d-4db0-8410-a446be05e187\">Descarregar<\/a><\/div>\n\n\n\n<div style=\"height:10px\" aria-hidden=\"true\" class=\"wp-block-spacer\"><\/div>\n","protected":false},"excerpt":{"rendered":"<p>As facturas que comprovam a aven\u00e7a desta empresa com a Casa da M\u00fasica e o seu valor, nos anos analisados como amostra (2014, 2016 e 2020), est\u00e3o aqui dispon\u00edveis em ficheiro descarreg\u00e1vel.<\/p>\n","protected":false},"author":2,"featured_media":0,"parent":0,"menu_order":0,"comment_status":"closed","ping_status":"closed","template":"page-large-header","meta":{"footnotes":""},"class_list":["post-1424","page","type-page","status-publish","hentry"],"_links":{"self":[{"href":"https:\/\/fugasdacasa.net\/index.php?rest_route=\/wp\/v2\/pages\/1424","targetHints":{"allow":["GET"]}}],"collection":[{"href":"https:\/\/fugasdacasa.net\/index.php?rest_route=\/wp\/v2\/pages"}],"about":[{"href":"https:\/\/fugasdacasa.net\/index.php?rest_route=\/wp\/v2\/types\/page"}],"author":[{"embeddable":true,"href":"https:\/\/fugasdacasa.net\/index.php?rest_route=\/wp\/v2\/users\/2"}],"replies":[{"embeddable":true,"href":"https:\/\/fugasdacasa.net\/index.php?rest_route=%2Fwp%2Fv2%2Fcomments&post=1424"}],"version-history":[{"count":8,"href":"https:\/\/fugasdacasa.net\/index.php?rest_route=\/wp\/v2\/pages\/1424\/revisions"}],"predecessor-version":[{"id":2596,"href":"https:\/\/fugasdacasa.net\/index.php?rest_route=\/wp\/v2\/pages\/1424\/revisions\/2596"}],"wp:attachment":[{"href":"https:\/\/fugasdacasa.net\/index.php?rest_route=%2Fwp%2Fv2%2Fmedia&parent=1424"}],"curies":[{"name":"wp","href":"https:\/\/api.w.org\/{rel}","templated":true}]}}