{"id":414,"date":"2022-09-05T13:24:08","date_gmt":"2022-09-05T13:24:08","guid":{"rendered":"https:\/\/cdm.panico.eu\/?page_id=414"},"modified":"2024-07-22T14:39:20","modified_gmt":"2024-07-22T14:39:20","slug":"fugas","status":"publish","type":"page","link":"https:\/\/fugasdacasa.net\/?page_id=414","title":{"rendered":"Fugas"},"content":{"rendered":"\n<div class=\"wp-block-columns alignwide is-layout-flex wp-container-core-columns-is-layout-28f84493 wp-block-columns-is-layout-flex\">\n<div class=\"wp-block-column is-layout-flow wp-block-column-is-layout-flow\" style=\"flex-basis:100%\">\n<p>Aqui se revelam algumas das formas usadas por empresas privadas para, aproveitando o seu duplo estatuto de mecenas e membros dos \u00f3rg\u00e3os de gest\u00e3o da Funda\u00e7\u00e3o Casa da M\u00fasica, retirarem benef\u00edcios pr\u00f3prios ilegais que ascendem a muitos milhares de euros por ano.<\/p>\n\n\n\n<p><strong>CINCO FUGAS (e dois epis\u00f3dios)<\/strong>:<\/p>\n<\/div>\n<\/div>\n\n\n\n<p><\/p>\n\n\n\n<div class=\"wp-block-columns alignwide are-vertically-aligned-center has-tertiary-background-color has-background is-layout-flex wp-container-core-columns-is-layout-763660d3 wp-block-columns-is-layout-flex\" style=\"border-style:none;border-width:0px;border-radius:2px;margin-top:0px;margin-bottom:0px;padding-top:0px;padding-right:0px;padding-bottom:0px;padding-left:0px\">\n<div class=\"wp-block-column is-vertically-aligned-center is-layout-flow wp-block-column-is-layout-flow\" style=\"flex-basis:50.01%\"><nav class=\"items-justified-left is-vertical wp-block-navigation is-content-justification-left is-layout-flex wp-container-core-navigation-is-layout-ed0aaa97 wp-block-navigation-is-layout-flex\" aria-label=\"Header navigation\"><ul class=\"wp-block-navigation__container items-justified-left is-vertical wp-block-navigation\"><li class=\" wp-block-navigation-item wp-block-navigation-link\"><a class=\"wp-block-navigation-item__content\"  href=\"https:\/\/fugasdacasa.net\/?page_id=7\"><span class=\"wp-block-navigation-item__label\"><em>Fuga 1: Flores caras, vinho barato<\/em><\/span><\/a><\/li><li class=\" wp-block-navigation-item wp-block-navigation-link\"><a class=\"wp-block-navigation-item__content\"  href=\"https:\/\/fugasdacasa.net\/?page_id=10\"><span class=\"wp-block-navigation-item__label\"><em>Fuga 2: Santa Allianz<\/em><\/span><\/a><\/li><li class=\" wp-block-navigation-item wp-block-navigation-link\"><a class=\"wp-block-navigation-item__content\"  href=\"https:\/\/fugasdacasa.net\/?page_id=12\"><span class=\"wp-block-navigation-item__label\"><em>Fuga 3: A SONAE e a Casa da M\u00fasica ao retalho<\/em><\/span><\/a><\/li><li class=\" wp-block-navigation-item wp-block-navigation-link\"><a class=\"wp-block-navigation-item__content\"  href=\"https:\/\/fugasdacasa.net\/?page_id=14\"><span class=\"wp-block-navigation-item__label\"><em>Fuga 4: Banco BPI, publicidade com benef\u00edcios fiscais<\/em><\/span><\/a><\/li><li class=\" wp-block-navigation-item wp-block-navigation-link\"><a class=\"wp-block-navigation-item__content\"  href=\"https:\/\/fugasdacasa.net\/?page_id=16\"><span class=\"wp-block-navigation-item__label\"><em>Fuga 5: Telles de Abreu Advogados, o bra\u00e7o armado<\/em><\/span><\/a><\/li><\/ul><\/nav><\/div>\n\n\n\n<div class=\"wp-block-column is-vertically-aligned-center is-layout-flow wp-block-column-is-layout-flow\" style=\"flex-basis:49.99%\"><nav class=\"items-justified-left wp-block-navigation is-content-justification-left is-layout-flex wp-container-core-navigation-is-layout-fc4fd283 wp-block-navigation-is-layout-flex\" aria-label=\"Navega\u00e7\u00e3o 3\"><ul class=\"wp-block-navigation__container items-justified-left wp-block-navigation\"><li class=\" wp-block-navigation-item wp-block-navigation-link\"><a class=\"wp-block-navigation-item__content\"  href=\"https:\/\/fugasdacasa.net\/?page_id=18\"><span class=\"wp-block-navigation-item__label\"><em>Ep.1: \u2018Tu casa es mi casa\u2019, benef\u00edcios ilegais para os mecenas<\/em><\/span><\/a><\/li><li class=\" wp-block-navigation-item wp-block-navigation-link\"><a class=\"wp-block-navigation-item__content\"  href=\"https:\/\/fugasdacasa.net\/?page_id=20\"><span class=\"wp-block-navigation-item__label\"><em>Ep.2: Contrata\u00e7\u00e3o P\u00fablica para qu\u00ea?<\/em><\/span><\/a><\/li><\/ul><\/nav><\/div>\n<\/div>\n\n\n\n<div class=\"wp-block-columns alignwide is-layout-flex wp-container-core-columns-is-layout-28f84493 wp-block-columns-is-layout-flex\">\n<div class=\"wp-block-column is-layout-flow wp-block-column-is-layout-flow\" style=\"flex-basis:100%\">\n<p>A informa\u00e7\u00e3o aqui constante foi mat\u00e9ria de den\u00fancias enviadas ao Tribunal de Contas, \u00e0 Inspec\u00e7\u00e3o-Geral de Finan\u00e7as, ao Minist\u00e9rio P\u00fablico e \u00e0 Pol\u00edcia Judici\u00e1ria, em Julho e Agosto de 2021. Neste s\u00edtio encontram-se organizados os dados em causa, entretanto revistos e actualizados, sempre com a devida sustenta\u00e7\u00e3o documental.<\/p>\n\n\n\n<p>Ao longo de sete sec\u00e7\u00f5es, ficam expostos alguns dos neg\u00f3cios mais lucrativos que t\u00eam beneficiado empresas representadas no Conselho de Administra\u00e7\u00e3o e no Conselho de Fundadores da Casa da M\u00fasica. Estes neg\u00f3cios representam o incumprimento de legisla\u00e7\u00e3o em, pelo menos, dois dom\u00ednios:<\/p>\n\n\n\n<p>&#8211; o <strong><a href=\"https:\/\/fugasdacasa.net\/?page_id=22\" data-type=\"page\" data-id=\"22\">Estatuto do Mecenato<\/a><\/strong>, que pro\u00edbe os benef\u00edcios comerciais e publicit\u00e1rios em troca de apoio mecen\u00e1tico;<\/p>\n\n\n\n<p>&#8211; o <strong><a href=\"https:\/\/fugasdacasa.net\/?page_id=22\" data-type=\"page\" data-id=\"22\">C\u00f3digo dos Contratos P\u00fablicos<\/a><\/strong>, que obriga as institui\u00e7\u00f5es com financiamento estatal maiorit\u00e1rio a procedimentos transparentes na contrata\u00e7\u00e3o de servi\u00e7os a partir de 5.000 \u20ac. Os casos aqui expostos representam neg\u00f3cios bem acima deste valor.<\/p>\n\n\n\n<p>Como forma de garantir o acesso a toda a informa\u00e7\u00e3o relevante, bem como a melhor apropria\u00e7\u00e3o poss\u00edvel da mesma, o \u00edndice abaixo permite percorrer, uma a uma, as situa\u00e7\u00f5es de irregularidade que por esta via se tornam p\u00fablicas. Boas leituras.<\/p>\n\n\n\n<hr class=\"wp-block-separator has-alpha-channel-opacity\"\/>\n<\/div>\n<\/div>\n\n\n\n<div class=\"wp-block-columns alignwide is-layout-flex wp-container-core-columns-is-layout-28f84493 wp-block-columns-is-layout-flex\">\n<div class=\"wp-block-column is-layout-flow wp-block-column-is-layout-flow\" style=\"flex-basis:100%\">\n<p>Todas as situa\u00e7\u00f5es expostas t\u00eam uma extensa documenta\u00e7\u00e3o comprovativa, apresentada ao longo do texto.  Ainda assim, com o prop\u00f3sito do m\u00e1ximo rigor na apresenta\u00e7\u00e3o da informa\u00e7\u00e3o e para os efeitos entendidos por necess\u00e1rios por quem se dedique \u00e0 explora\u00e7\u00e3o do que aqui se torna p\u00fablico, disponibilizam-se os documentos organizados em fun\u00e7\u00e3o da complexidade dos casos na p\u00e1gina <a href=\"https:\/\/fugasdacasa.net\/?page_id=416\" data-type=\"page\" data-id=\"416\"><strong>Partituras<\/strong><\/a>.<\/p>\n<\/div>\n<\/div>\n\n\n\n<figure class=\"wp-block-image alignfull size-large\"><img loading=\"lazy\" decoding=\"async\" width=\"1058\" height=\"595\" src=\"https:\/\/fugasdacasa.net\/wp-content\/uploads\/2022\/09\/imageedit_5_4672369801-edited-1.jpg\" alt=\"\" class=\"wp-image-1411\" srcset=\"https:\/\/fugasdacasa.net\/wp-content\/uploads\/2022\/09\/imageedit_5_4672369801-edited-1.jpg 1058w, https:\/\/fugasdacasa.net\/wp-content\/uploads\/2022\/09\/imageedit_5_4672369801-edited-1-300x169.jpg 300w, https:\/\/fugasdacasa.net\/wp-content\/uploads\/2022\/09\/imageedit_5_4672369801-edited-1-1024x576.jpg 1024w, https:\/\/fugasdacasa.net\/wp-content\/uploads\/2022\/09\/imageedit_5_4672369801-edited-1-768x432.jpg 768w\" sizes=\"auto, (max-width: 1058px) 100vw, 1058px\" \/><\/figure>\n","protected":false},"excerpt":{"rendered":"<p>Aqui se revelam algumas das formas usadas por empresas privadas para, aproveitando o seu duplo estatuto de mecenas e membros dos \u00f3rg\u00e3os de gest\u00e3o da Funda\u00e7\u00e3o Casa da M\u00fasica, retirarem benef\u00edcios pr\u00f3prios ilegais que ascendem a muitos milhares de euros por ano. CINCO FUGAS (e dois epis\u00f3dios): A informa\u00e7\u00e3o aqui constante foi mat\u00e9ria de den\u00fancias [&hellip;]<\/p>\n","protected":false},"author":2,"featured_media":0,"parent":0,"menu_order":0,"comment_status":"closed","ping_status":"closed","template":"page-large-header","meta":{"footnotes":""},"class_list":["post-414","page","type-page","status-publish","hentry"],"_links":{"self":[{"href":"https:\/\/fugasdacasa.net\/index.php?rest_route=\/wp\/v2\/pages\/414","targetHints":{"allow":["GET"]}}],"collection":[{"href":"https:\/\/fugasdacasa.net\/index.php?rest_route=\/wp\/v2\/pages"}],"about":[{"href":"https:\/\/fugasdacasa.net\/index.php?rest_route=\/wp\/v2\/types\/page"}],"author":[{"embeddable":true,"href":"https:\/\/fugasdacasa.net\/index.php?rest_route=\/wp\/v2\/users\/2"}],"replies":[{"embeddable":true,"href":"https:\/\/fugasdacasa.net\/index.php?rest_route=%2Fwp%2Fv2%2Fcomments&post=414"}],"version-history":[{"count":21,"href":"https:\/\/fugasdacasa.net\/index.php?rest_route=\/wp\/v2\/pages\/414\/revisions"}],"predecessor-version":[{"id":2685,"href":"https:\/\/fugasdacasa.net\/index.php?rest_route=\/wp\/v2\/pages\/414\/revisions\/2685"}],"wp:attachment":[{"href":"https:\/\/fugasdacasa.net\/index.php?rest_route=%2Fwp%2Fv2%2Fmedia&parent=414"}],"curies":[{"name":"wp","href":"https:\/\/api.w.org\/{rel}","templated":true}]}}