{"id":43,"date":"2022-08-15T10:22:12","date_gmt":"2022-08-15T10:22:12","guid":{"rendered":"https:\/\/cdm.panico.eu\/?page_id=43"},"modified":"2022-09-20T18:07:44","modified_gmt":"2022-09-20T18:07:44","slug":"quem-e-quem","status":"publish","type":"page","link":"https:\/\/fugasdacasa.net\/?page_id=43","title":{"rendered":"Batutas"},"content":{"rendered":"\n<div class=\"wp-block-columns alignwide is-layout-flex wp-container-core-columns-is-layout-28f84493 wp-block-columns-is-layout-flex\">\n<div class=\"wp-block-column is-layout-flow wp-block-column-is-layout-flow\" style=\"flex-basis:100%\">\n<p class=\"has-medium-font-size\">Aqui se apresentam as pessoas e as empresas que assumem responsabilidades na gest\u00e3o da Funda\u00e7\u00e3o Casa da M\u00fasica, bem como as que a ela est\u00e3o associadas, como mecenas, patrocinadores e empresas amigas.<\/p>\n<\/div>\n<\/div>\n\n\n\n<div class=\"wp-block-group alignwide has-tertiary-background-color has-text-color has-background has-small-font-size is-layout-flow wp-container-core-group-is-layout-1cdf10c7 wp-block-group-is-layout-flow\" style=\"border-style:none;border-width:0px;color:#ffffff;padding-top:100px;padding-right:100px;padding-bottom:100px;padding-left:100px\">\n<div class=\"wp-block-query alignwide is-layout-constrained wp-block-query-is-layout-constrained\"><ul class=\"is-flex-container columns-2 alignwide wp-block-post-template is-layout-flow wp-block-post-template-is-layout-flow\"><li class=\"wp-block-post post-1 post type-post status-publish format-standard hentry category-regentes\">\n<h2 class=\"has-text-align-center wp-block-post-title has-x-large-font-size\"><a href=\"https:\/\/fugasdacasa.net\/?p=1\" target=\"_self\" >Org\u00e3os Sociais<\/a><\/h2>\n\n<div class=\"has-link-color wp-elements-a2b44227150cd938500c97b6378dbb1e wp-block-post-date has-text-color has-tertiary-color has-background has-tertiary-background-color has-small-font-size\"><time datetime=\"2022-08-11T13:06:53+00:00\"><a href=\"https:\/\/fugasdacasa.net\/?p=1\">Agosto 11, 2022<\/a><\/time><\/div>\n<\/li><li class=\"wp-block-post post-1443 post type-post status-publish format-standard hentry category-regentes\">\n<h2 class=\"has-text-align-center wp-block-post-title has-x-large-font-size\"><a href=\"https:\/\/fugasdacasa.net\/?p=1443\" target=\"_self\" >Mecenas e Patrocinadores<\/a><\/h2>\n\n<div class=\"has-link-color wp-elements-a2b44227150cd938500c97b6378dbb1e wp-block-post-date has-text-color has-tertiary-color has-background has-tertiary-background-color has-small-font-size\"><time datetime=\"2022-09-06T18:11:49+00:00\"><a href=\"https:\/\/fugasdacasa.net\/?p=1443\">Setembro 6, 2022<\/a><\/time><\/div>\n<\/li><li class=\"wp-block-post post-1445 post type-post status-publish format-standard hentry category-regentes\">\n<h2 class=\"has-text-align-center wp-block-post-title has-x-large-font-size\"><a href=\"https:\/\/fugasdacasa.net\/?p=1445\" target=\"_self\" >Empresas amigas<\/a><\/h2>\n\n<div class=\"has-link-color wp-elements-a2b44227150cd938500c97b6378dbb1e wp-block-post-date has-text-color has-tertiary-color has-background has-tertiary-background-color has-small-font-size\"><time datetime=\"2022-09-06T18:12:53+00:00\"><a href=\"https:\/\/fugasdacasa.net\/?p=1445\">Setembro 6, 2022<\/a><\/time><\/div>\n<\/li><li class=\"wp-block-post post-1447 post type-post status-publish format-standard hentry category-regentes\">\n<h2 class=\"has-text-align-center wp-block-post-title has-x-large-font-size\"><a href=\"https:\/\/fugasdacasa.net\/?p=1447\" target=\"_self\" >Col\u00e9gio de Patronos<\/a><\/h2>\n\n<div class=\"has-link-color wp-elements-a2b44227150cd938500c97b6378dbb1e wp-block-post-date has-text-color has-tertiary-color has-background has-tertiary-background-color has-small-font-size\"><time datetime=\"2022-09-06T18:13:43+00:00\"><a href=\"https:\/\/fugasdacasa.net\/?p=1447\">Setembro 6, 2022<\/a><\/time><\/div>\n<\/li><\/ul>\n\n\n<hr class=\"wp-block-separator has-css-opacity alignwide is-style-wide\"\/>\n<\/div>\n<\/div>\n\n\n\n<figure class=\"wp-block-image alignfull size-large\"><img loading=\"lazy\" decoding=\"async\" width=\"1038\" height=\"584\" src=\"https:\/\/fugasdacasa.net\/wp-content\/uploads\/2022\/09\/imageedit_7_7491133901-edited-1.jpg\" alt=\"\" class=\"wp-image-472\" srcset=\"https:\/\/fugasdacasa.net\/wp-content\/uploads\/2022\/09\/imageedit_7_7491133901-edited-1.jpg 1038w, https:\/\/fugasdacasa.net\/wp-content\/uploads\/2022\/09\/imageedit_7_7491133901-edited-1-300x169.jpg 300w, https:\/\/fugasdacasa.net\/wp-content\/uploads\/2022\/09\/imageedit_7_7491133901-edited-1-1024x576.jpg 1024w, https:\/\/fugasdacasa.net\/wp-content\/uploads\/2022\/09\/imageedit_7_7491133901-edited-1-768x432.jpg 768w\" sizes=\"auto, (max-width: 1038px) 100vw, 1038px\" \/><\/figure>\n","protected":false},"excerpt":{"rendered":"<p>Aqui se apresentam as pessoas e as empresas que assumem responsabilidades na gest\u00e3o da Funda\u00e7\u00e3o Casa da M\u00fasica, bem como as que a ela est\u00e3o associadas, como mecenas, patrocinadores e empresas amigas.<\/p>\n","protected":false},"author":1,"featured_media":0,"parent":0,"menu_order":0,"comment_status":"closed","ping_status":"closed","template":"page-large-header","meta":{"footnotes":""},"class_list":["post-43","page","type-page","status-publish","hentry"],"_links":{"self":[{"href":"https:\/\/fugasdacasa.net\/index.php?rest_route=\/wp\/v2\/pages\/43","targetHints":{"allow":["GET"]}}],"collection":[{"href":"https:\/\/fugasdacasa.net\/index.php?rest_route=\/wp\/v2\/pages"}],"about":[{"href":"https:\/\/fugasdacasa.net\/index.php?rest_route=\/wp\/v2\/types\/page"}],"author":[{"embeddable":true,"href":"https:\/\/fugasdacasa.net\/index.php?rest_route=\/wp\/v2\/users\/1"}],"replies":[{"embeddable":true,"href":"https:\/\/fugasdacasa.net\/index.php?rest_route=%2Fwp%2Fv2%2Fcomments&post=43"}],"version-history":[{"count":23,"href":"https:\/\/fugasdacasa.net\/index.php?rest_route=\/wp\/v2\/pages\/43\/revisions"}],"predecessor-version":[{"id":2560,"href":"https:\/\/fugasdacasa.net\/index.php?rest_route=\/wp\/v2\/pages\/43\/revisions\/2560"}],"wp:attachment":[{"href":"https:\/\/fugasdacasa.net\/index.php?rest_route=%2Fwp%2Fv2%2Fmedia&parent=43"}],"curies":[{"name":"wp","href":"https:\/\/api.w.org\/{rel}","templated":true}]}}