{"id":441,"date":"2022-09-05T14:13:39","date_gmt":"2022-09-05T14:13:39","guid":{"rendered":"https:\/\/cdm.panico.eu\/?page_id=441"},"modified":"2022-10-17T07:54:00","modified_gmt":"2022-10-17T07:54:00","slug":"vamos-conversar","status":"publish","type":"page","link":"https:\/\/fugasdacasa.net\/?page_id=441","title":{"rendered":"Audi\u00e7\u00f5es"},"content":{"rendered":"\n<div class=\"wp-block-columns alignwide is-layout-flex wp-container-core-columns-is-layout-28f84493 wp-block-columns-is-layout-flex\">\n<div class=\"wp-block-column is-layout-flow wp-block-column-is-layout-flow\" style=\"flex-basis:100%\">\n<p>As fugas aqui publicadas, tanto quanto se pode deduzir com base na amostra em causa, provavelmente n\u00e3o esgotam as irregularidades que t\u00eam vindo a ser cometidas na Funda\u00e7\u00e3o Casa da M\u00fasica (assim como noutras Funda\u00e7\u00f5es, da \u00e1rea da Cultura e n\u00e3o s\u00f3).<\/p>\n<\/div>\n<\/div>\n\n\n\n<div class=\"wp-block-columns alignwide is-layout-flex wp-container-core-columns-is-layout-28f84493 wp-block-columns-is-layout-flex\">\n<div class=\"wp-block-column is-layout-flow wp-block-column-is-layout-flow\" style=\"flex-basis:100%\">\n<p>A <a href=\"https:\/\/dre.pt\/dre\/detalhe\/resolucao-conselho-ministros\/37-2021-160893669\">Lei de Protec\u00e7\u00e3o a Denunciantes<\/a> entrou em vigor em Junho deste ano, no \u00e2mbito da Estrat\u00e9gia Nacional Anticorrup\u00e7\u00e3o 2020-2024, pelo que, se d\u00favidas houvesse, agora fica claro <a href=\"https:\/\/www.publico.pt\/2022\/06\/17\/sociedade\/perguntaserespostas\/lei-proteccao-denunciantes-entra-vigor-sabado-precisa-saber-2010405\">como fazer uma den\u00fancia<\/a>. At\u00e9 esta data, a Funda\u00e7\u00e3o Casa da M\u00fasica n\u00e3o tem em funcionamento o canal institucional de den\u00fancias previsto pela lei.<\/p>\n<\/div>\n<\/div>\n\n\n\n<div class=\"wp-block-columns alignwide is-layout-flex wp-container-core-columns-is-layout-28f84493 wp-block-columns-is-layout-flex\">\n<div class=\"wp-block-column is-layout-flow wp-block-column-is-layout-flow\" style=\"flex-basis:100%\">\n<p>Nesse prop\u00f3sito, aqui fica um canal seguro para partilha da informa\u00e7\u00e3o entendida por relevante neste contexto e outros similares.<\/p>\n<\/div>\n<\/div>\n\n\n\n<div class=\"wp-block-contact-form-7-contact-form-selector\"><div role=\"form\" class=\"wpcf7\" id=\"wpcf7-f425-o1\" lang=\"en-US\" dir=\"ltr\">\n<div class=\"screen-reader-response\"><p role=\"status\" aria-live=\"polite\" aria-atomic=\"true\"><\/p> <ul><\/ul><\/div>\n<form action=\"\/index.php?rest_route=%2Fwp%2Fv2%2Fpages%2F441#wpcf7-f425-o1\" method=\"post\" class=\"wpcf7-form init\" novalidate=\"novalidate\" data-status=\"init\">\n<div style=\"display: none;\">\n<input type=\"hidden\" name=\"_wpcf7\" value=\"425\" \/>\n<input type=\"hidden\" name=\"_wpcf7_version\" value=\"5.6.4\" \/>\n<input type=\"hidden\" name=\"_wpcf7_locale\" value=\"en_US\" \/>\n<input type=\"hidden\" name=\"_wpcf7_unit_tag\" value=\"wpcf7-f425-o1\" \/>\n<input type=\"hidden\" name=\"_wpcf7_container_post\" value=\"0\" \/>\n<input type=\"hidden\" name=\"_wpcf7_posted_data_hash\" value=\"\" \/>\n<\/div>\n<p><label> Nome ou pseud\u00f3nimo<br \/>\n    <span class=\"wpcf7-form-control-wrap\" data-name=\"your-name\"><input type=\"text\" name=\"your-name\" value=\"\" size=\"40\" class=\"wpcf7-form-control wpcf7-text wpcf7-validates-as-required\" aria-required=\"true\" aria-invalid=\"false\" \/><\/span> <\/label><\/p>\n<p><label> Endere\u00e7o de e-mail<br \/>\n    <span class=\"wpcf7-form-control-wrap\" data-name=\"your-email\"><input type=\"email\" name=\"your-email\" value=\"\" size=\"40\" class=\"wpcf7-form-control wpcf7-text wpcf7-email wpcf7-validates-as-required wpcf7-validates-as-email\" aria-required=\"true\" aria-invalid=\"false\" \/><\/span> <\/label><\/p>\n<p><label> Assunto<br \/>\n    <span class=\"wpcf7-form-control-wrap\" data-name=\"your-subject\"><input type=\"text\" name=\"your-subject\" value=\"\" size=\"40\" class=\"wpcf7-form-control wpcf7-text wpcf7-validates-as-required\" aria-required=\"true\" aria-invalid=\"false\" \/><\/span> <\/label><\/p>\n<p><label> Mensagem<br \/>\n    <span class=\"wpcf7-form-control-wrap\" data-name=\"your-message\"><textarea name=\"your-message\" cols=\"40\" rows=\"10\" class=\"wpcf7-form-control wpcf7-textarea\" aria-invalid=\"false\"><\/textarea><\/span> <\/label><\/p>\n<p><input type=\"submit\" value=\"Enviar\" class=\"wpcf7-form-control has-spinner wpcf7-submit\" \/><\/p>\n<div class=\"wpcf7-response-output\" aria-hidden=\"true\"><\/div><\/form><\/div><\/div>\n\n\n\n<p>Nota: Qualquer documenta\u00e7\u00e3o demonstrativa deve ser enviada na forma de hiperliga\u00e7\u00e3o, no corpo de texto do formul\u00e1rio de contacto, atrav\u00e9s de um servi\u00e7o de partilha de ficheiros que n\u00e3o obrigue a registo.<\/p>\n\n\n\n<figure class=\"wp-block-image alignfull size-large\"><img loading=\"lazy\" decoding=\"async\" width=\"1058\" height=\"595\" src=\"https:\/\/fugasdacasa.net\/wp-content\/uploads\/2022\/09\/imageedit_3_2943817696-edited.jpg\" alt=\"\" class=\"wp-image-506\" srcset=\"https:\/\/fugasdacasa.net\/wp-content\/uploads\/2022\/09\/imageedit_3_2943817696-edited.jpg 1058w, https:\/\/fugasdacasa.net\/wp-content\/uploads\/2022\/09\/imageedit_3_2943817696-edited-300x169.jpg 300w, https:\/\/fugasdacasa.net\/wp-content\/uploads\/2022\/09\/imageedit_3_2943817696-edited-1024x576.jpg 1024w, https:\/\/fugasdacasa.net\/wp-content\/uploads\/2022\/09\/imageedit_3_2943817696-edited-768x432.jpg 768w\" sizes=\"auto, (max-width: 1058px) 100vw, 1058px\" \/><\/figure>\n","protected":false},"excerpt":{"rendered":"<p>As fugas aqui publicadas, tanto quanto se pode deduzir com base na amostra em causa, provavelmente n\u00e3o esgotam as irregularidades que t\u00eam vindo a ser cometidas na Funda\u00e7\u00e3o Casa da M\u00fasica (assim como noutras Funda\u00e7\u00f5es, da \u00e1rea da Cultura e n\u00e3o s\u00f3). A Lei de Protec\u00e7\u00e3o a Denunciantes entrou em vigor em Junho deste ano, [&hellip;]<\/p>\n","protected":false},"author":1,"featured_media":0,"parent":0,"menu_order":0,"comment_status":"closed","ping_status":"closed","template":"page-large-header","meta":{"footnotes":""},"class_list":["post-441","page","type-page","status-publish","hentry"],"_links":{"self":[{"href":"https:\/\/fugasdacasa.net\/index.php?rest_route=\/wp\/v2\/pages\/441","targetHints":{"allow":["GET"]}}],"collection":[{"href":"https:\/\/fugasdacasa.net\/index.php?rest_route=\/wp\/v2\/pages"}],"about":[{"href":"https:\/\/fugasdacasa.net\/index.php?rest_route=\/wp\/v2\/types\/page"}],"author":[{"embeddable":true,"href":"https:\/\/fugasdacasa.net\/index.php?rest_route=\/wp\/v2\/users\/1"}],"replies":[{"embeddable":true,"href":"https:\/\/fugasdacasa.net\/index.php?rest_route=%2Fwp%2Fv2%2Fcomments&post=441"}],"version-history":[{"count":20,"href":"https:\/\/fugasdacasa.net\/index.php?rest_route=\/wp\/v2\/pages\/441\/revisions"}],"predecessor-version":[{"id":2615,"href":"https:\/\/fugasdacasa.net\/index.php?rest_route=\/wp\/v2\/pages\/441\/revisions\/2615"}],"wp:attachment":[{"href":"https:\/\/fugasdacasa.net\/index.php?rest_route=%2Fwp%2Fv2%2Fmedia&parent=441"}],"curies":[{"name":"wp","href":"https:\/\/api.w.org\/{rel}","templated":true}]}}